{"id":4322,"date":"2026-02-04T09:23:44","date_gmt":"2026-02-04T13:23:44","guid":{"rendered":"https:\/\/www.ccgts.ca\/?page_id=4322"},"modified":"2026-03-11T09:17:17","modified_gmt":"2026-03-11T12:17:17","slug":"onedrive-pour-le-ca","status":"publish","type":"page","link":"https:\/\/www.ccgts.ca\/en\/onedrive-pour-le-ca\/","title":{"rendered":"OneDrive pour le CA"},"content":{"rendered":"<div data-elementor-type=\"wp-page\" data-elementor-id=\"4322\" class=\"elementor elementor-4322\" data-elementor-post-type=\"page\">\n\t\t\t\t\t\t<section class=\"ob-is-breaking-bad elementor-section elementor-top-section elementor-element elementor-element-28ae7a3 elementor-section-boxed elementor-section-height-default elementor-section-height-default\" data-id=\"28ae7a3\" data-element_type=\"section\" data-e-type=\"section\" data-settings=\"{&quot;jet_parallax_layout_list&quot;:[],&quot;_ob_bbad_use_it&quot;:&quot;yes&quot;,&quot;_ob_bbad_sssic_use&quot;:&quot;no&quot;,&quot;_ob_glider_is_slider&quot;:&quot;no&quot;}\">\n\t\t\t\t\t\t<div class=\"elementor-container elementor-column-gap-default\">\n\t\t\t\t\t<div class=\"elementor-column elementor-col-100 elementor-top-column elementor-element elementor-element-fc3ef65\" data-id=\"fc3ef65\" data-element_type=\"column\" data-e-type=\"column\" data-settings=\"{&quot;_ob_bbad_is_stalker&quot;:&quot;no&quot;,&quot;_ob_teleporter_use&quot;:false,&quot;_ob_column_hoveranimator&quot;:&quot;no&quot;,&quot;_ob_column_has_pseudo&quot;:&quot;no&quot;}\">\n\t\t\t<div class=\"elementor-widget-wrap elementor-element-populated\">\n\t\t\t\t\t\t<div class=\"elementor-element elementor-element-5046ba7 ob-has-background-overlay elementor-widget elementor-widget-wpcp-shareonedrive\" data-id=\"5046ba7\" data-element_type=\"widget\" data-e-type=\"widget\" data-settings=\"{&quot;_ob_perspektive_use&quot;:&quot;no&quot;,&quot;_ob_poopart_use&quot;:&quot;yes&quot;,&quot;_ob_shadough_use&quot;:&quot;no&quot;,&quot;_ob_allow_hoveranimator&quot;:&quot;no&quot;,&quot;_ob_widget_stalker_use&quot;:&quot;no&quot;}\" data-widget_type=\"wpcp-shareonedrive.default\">\n\t\t\t\t<div class=\"elementor-widget-container\">\n\t\t\t\t\t&#9888; <strong>Module cannot be rendered as the requested content is not (longer) accessible. Contact the administrator to get access.<\/strong>\t\t\t\t<\/div>\n\t\t\t\t<\/div>\n\t\t\t\t\t<\/div>\n\t\t<\/div>\n\t\t\t\t\t<\/div>\n\t\t<\/section>\n\t\t\t\t<\/div>","protected":false},"excerpt":{"rendered":"<p>Pour visualiser ce contenu, vous devez activer JavaScript dans votre navigateur.Pour cela, suivez ces instructions. Cette page est prot\u00e9g\u00e9e par un mot de passe.&lt;br\/&gt;Pour y acc\u00e9der, veuillez saisir le mot de passe ici : D\u00e9bloquer Chargement&#8230; Nom Taille Modifi\u00e9 Date de cr\u00e9ation &nbsp; Ascendant Descendant Ajouter un dossier Transf\u00e9rer les fichiers (vers Google Drive) Affichage [&hellip;]<\/p>\n","protected":false},"author":3,"featured_media":0,"parent":0,"menu_order":0,"comment_status":"closed","ping_status":"closed","template":"","meta":{"footnotes":""},"class_list":["post-4322","page","type-page","status-publish","hentry"],"_links":{"self":[{"href":"https:\/\/www.ccgts.ca\/en\/wp-json\/wp\/v2\/pages\/4322","targetHints":{"allow":["GET"]}}],"collection":[{"href":"https:\/\/www.ccgts.ca\/en\/wp-json\/wp\/v2\/pages"}],"about":[{"href":"https:\/\/www.ccgts.ca\/en\/wp-json\/wp\/v2\/types\/page"}],"author":[{"embeddable":true,"href":"https:\/\/www.ccgts.ca\/en\/wp-json\/wp\/v2\/users\/3"}],"replies":[{"embeddable":true,"href":"https:\/\/www.ccgts.ca\/en\/wp-json\/wp\/v2\/comments?post=4322"}],"version-history":[{"count":28,"href":"https:\/\/www.ccgts.ca\/en\/wp-json\/wp\/v2\/pages\/4322\/revisions"}],"predecessor-version":[{"id":4412,"href":"https:\/\/www.ccgts.ca\/en\/wp-json\/wp\/v2\/pages\/4322\/revisions\/4412"}],"wp:attachment":[{"href":"https:\/\/www.ccgts.ca\/en\/wp-json\/wp\/v2\/media?parent=4322"}],"curies":[{"name":"wp","href":"https:\/\/api.w.org\/{rel}","templated":true}]}}